{"id":235,"date":"2025-08-18T04:44:57","date_gmt":"2025-08-18T03:44:57","guid":{"rendered":"https:\/\/beetleful.com\/?page_id=235"},"modified":"2026-04-02T00:10:28","modified_gmt":"2026-04-01T23:10:28","slug":"terms-and-conditions","status":"publish","type":"page","link":"https:\/\/beetleful.com\/en\/terms-and-conditions\/","title":{"rendered":"Terms and conditions"},"content":{"rendered":"<h2>Terms and conditions<\/h2>\n<hr \/>\n<h4>Payment Methods<\/h4>\n<p>When booking an Itinerary through our website, payment must be made immediately, via a\u00a0<strong>Credit Card<\/strong>. Payment by credit card is processed securely through your bank to the bank account of Beetleful (Icone Viajante Lda) via a third party payment processor (Redunicre).<\/p>\n<p>We accept the following credit cards: Mastercard, Visa. There are no charges or processing fees for credit card payments. All charges inherent in this transaction will be billed directly to our company.<\/p>\n<p><img decoding=\"async\" src=\"https:\/\/beetleful.com\/wp-content\/uploads\/2025\/07\/3577_1544635580.jpg\" alt=\"\" \/><\/p>\n<p><a href=\"https:\/\/www.visa.pt\/pagar-com-visa\/tecnologias-apresentadas\/verified-by-visa.html\"><img decoding=\"async\" src=\"https:\/\/beetleful.com\/wp-content\/uploads\/2025\/07\/3578_1544635585.png\" alt=\"\" \/><\/a><\/p>\n<p>In accordance with the new security standards distributed by VISA International and Europay \/ Mastercard International, as of 1 April 2001, all requests for authorisation to carry out card transactions from these systems can only be processed by REDUNICRE with the obligatory introduction of the security code (CVV2 \/ CVC2) found on customers' cards. The security code is a three-digit number printed on the back of the card, after the card number or next to the signature. This code is found on all VISA and Europay cards.<\/p>\n<p>For bookings made directly with our offices, payment can also be made via\u00a0<strong>Bank transfer<\/strong>\u00a0(this method is not available for online bookings). Bank transfer is not subject to any additional fees.<\/p>\n<p><strong>BPI Bank (IconeViajante Lda)<\/strong><\/p>\n<ul>\n<li><strong>NIF:<\/strong>\u00a0518655946<\/li>\n<li><strong>IBAN:<\/strong> PT50 0010 0000 64070010001 03<\/li>\n<li><strong>SWIFT\/BIC:<\/strong> BBPIPTPL<\/li>\n<li><strong>Address: <\/strong>S. Mamede Infesta<\/li>\n<\/ul>\n<hr \/>\n<h4>Cancellation and Refund Conditions<\/h4>\n<p>If you need to cancel your reservation, please contact us immediately. Cancellation of a reservation with Beetleful may be subject to cancellation fees applied by us. Please check the following conditions:<\/p>\n<ul>\n<li>More than 30 days before arrival in Portugal: cancellation free of charge<\/li>\n<li>Between 30 and 7 days before arrival in Portugal: 20% penalty (corresponding to the deposit)<\/li>\n<li>Less than 7 days: 100% penalty<\/li>\n<\/ul>\n<p>When the booking includes flight (air), accommodation or other tailor-made services, this amount may not be refundable in full. All bookings made are subject to a cancellation fee of 30.00 EUR (thirty euros).<\/p>\n<p>In compliance with law no. 144\/2015, we would like to inform you that the arbitration commission of Turismo de Portugal should be contacted for the resolution of consumer disputes\u00a0<a href=\"http:\/\/www.turismodeportugal.pt\/pt\/Paginas\/homepage.aspx\">www.turismodeportugal.pt<\/a>.<\/p>\n<p>&nbsp;<\/p>","protected":false},"excerpt":{"rendered":"<p>Termos e condi\u00e7\u00f5es M\u00e9todos de Pagamento Ao reservar um Roteiro\u00a0atrav\u00e9s do nosso website, o pagamento deve ser efetuado imediatamente, atrav\u00e9s de um\u00a0Cart\u00e3o de Cr\u00e9dito. O pagamento por cart\u00e3o de cr\u00e9dito&#8230;<\/p>","protected":false},"author":1,"featured_media":776,"parent":0,"menu_order":0,"comment_status":"closed","ping_status":"closed","template":"","meta":{"_acf_changed":false,"_joinchat":[],"footnotes":""},"class_list":["post-235","page","type-page","status-publish","has-post-thumbnail"],"acf":[],"yoast_head":"<!-- This site is optimized with the Yoast SEO plugin v26.3 - https:\/\/yoast.com\/wordpress\/plugins\/seo\/ -->\n<title>Termos e Condi\u00e7\u00f5es | Beetleful Porto<\/title>\n<meta name=\"description\" content=\"Conhe\u00e7a os termos e condi\u00e7\u00f5es Beetleful para reservas. O pagamento \u00e9 r\u00e1pido, seguro e sem encargos adicionais.\" \/>\n<meta name=\"robots\" content=\"noindex, follow\" \/>\n<meta property=\"og:locale\" content=\"en_GB\" \/>\n<meta property=\"og:type\" content=\"article\" \/>\n<meta property=\"og:title\" content=\"Termos e Condi\u00e7\u00f5es | Beetleful Porto\" \/>\n<meta property=\"og:description\" content=\"Conhe\u00e7a os termos e condi\u00e7\u00f5es Beetleful para reservas. O pagamento \u00e9 r\u00e1pido, seguro e sem encargos adicionais.\" \/>\n<meta property=\"og:url\" content=\"https:\/\/beetleful.com\/en\/terms-and-conditions\/\" \/>\n<meta property=\"og:site_name\" content=\"Beetleful - Porto Experiences\" \/>\n<meta property=\"article:publisher\" content=\"https:\/\/www.facebook.com\/beetleful\" \/>\n<meta property=\"article:modified_time\" content=\"2026-04-01T23:10:28+00:00\" \/>\n<meta property=\"og:image\" content=\"https:\/\/beetleful.com\/wp-content\/uploads\/2026\/03\/BEETLEFUL-1.png\" \/>\n\t<meta property=\"og:image:width\" content=\"1169\" \/>\n\t<meta property=\"og:image:height\" content=\"912\" \/>\n\t<meta property=\"og:image:type\" content=\"image\/png\" \/>\n<meta name=\"twitter:card\" content=\"summary_large_image\" \/>\n<meta name=\"twitter:label1\" content=\"Estimated reading time\" \/>\n\t<meta name=\"twitter:data1\" content=\"3 minutes\" \/>\n<script type=\"application\/ld+json\" class=\"yoast-schema-graph\">{\"@context\":\"https:\/\/schema.org\",\"@graph\":[{\"@type\":\"WebPage\",\"@id\":\"https:\/\/beetleful.com\/termos-e-condicoes\/\",\"url\":\"https:\/\/beetleful.com\/termos-e-condicoes\/\",\"name\":\"Termos e Condi\u00e7\u00f5es | Beetleful Porto\",\"isPartOf\":{\"@id\":\"https:\/\/beetleful.com\/#website\"},\"primaryImageOfPage\":{\"@id\":\"https:\/\/beetleful.com\/termos-e-condicoes\/#primaryimage\"},\"image\":{\"@id\":\"https:\/\/beetleful.com\/termos-e-condicoes\/#primaryimage\"},\"thumbnailUrl\":\"https:\/\/beetleful.com\/wp-content\/uploads\/2026\/03\/BEETLEFUL-1.png\",\"datePublished\":\"2025-08-18T03:44:57+00:00\",\"dateModified\":\"2026-04-01T23:10:28+00:00\",\"description\":\"Conhe\u00e7a os termos e condi\u00e7\u00f5es Beetleful para reservas. O pagamento \u00e9 r\u00e1pido, seguro e sem encargos adicionais.\",\"breadcrumb\":{\"@id\":\"https:\/\/beetleful.com\/termos-e-condicoes\/#breadcrumb\"},\"inLanguage\":\"en-GB\",\"potentialAction\":[{\"@type\":\"ReadAction\",\"target\":[\"https:\/\/beetleful.com\/termos-e-condicoes\/\"]}]},{\"@type\":\"ImageObject\",\"inLanguage\":\"en-GB\",\"@id\":\"https:\/\/beetleful.com\/termos-e-condicoes\/#primaryimage\",\"url\":\"https:\/\/beetleful.com\/wp-content\/uploads\/2026\/03\/BEETLEFUL-1.png\",\"contentUrl\":\"https:\/\/beetleful.com\/wp-content\/uploads\/2026\/03\/BEETLEFUL-1.png\",\"width\":1169,\"height\":912},{\"@type\":\"BreadcrumbList\",\"@id\":\"https:\/\/beetleful.com\/termos-e-condicoes\/#breadcrumb\",\"itemListElement\":[{\"@type\":\"ListItem\",\"position\":1,\"name\":\"In\u00edcio\",\"item\":\"https:\/\/beetleful.com\/\"},{\"@type\":\"ListItem\",\"position\":2,\"name\":\"Termos e condi\u00e7\u00f5es\"}]},{\"@type\":\"WebSite\",\"@id\":\"https:\/\/beetleful.com\/#website\",\"url\":\"https:\/\/beetleful.com\/\",\"name\":\"Beetleful.com\",\"description\":\"VW Classic Cars | Tours | Weddings &amp; more\",\"publisher\":{\"@id\":\"https:\/\/beetleful.com\/#organization\"},\"potentialAction\":[{\"@type\":\"SearchAction\",\"target\":{\"@type\":\"EntryPoint\",\"urlTemplate\":\"https:\/\/beetleful.com\/?s={search_term_string}\"},\"query-input\":{\"@type\":\"PropertyValueSpecification\",\"valueRequired\":true,\"valueName\":\"search_term_string\"}}],\"inLanguage\":\"en-GB\"},{\"@type\":\"Organization\",\"@id\":\"https:\/\/beetleful.com\/#organization\",\"name\":\"Beetleful\",\"url\":\"https:\/\/beetleful.com\/\",\"logo\":{\"@type\":\"ImageObject\",\"inLanguage\":\"en-GB\",\"@id\":\"https:\/\/beetleful.com\/#\/schema\/logo\/image\/\",\"url\":\"https:\/\/beetleful.com\/wp-content\/uploads\/2025\/08\/logo.png\",\"contentUrl\":\"https:\/\/beetleful.com\/wp-content\/uploads\/2025\/08\/logo.png\",\"width\":1280,\"height\":1212,\"caption\":\"Beetleful\"},\"image\":{\"@id\":\"https:\/\/beetleful.com\/#\/schema\/logo\/image\/\"},\"sameAs\":[\"https:\/\/www.facebook.com\/beetleful\",\"https:\/\/www.instagram.com\/beetlefulporto\/\",\"https:\/\/www.tiktok.com\/@beetlefulporto\"]}]}<\/script>\n<!-- \/ Yoast SEO plugin. -->","yoast_head_json":{"title":"Terms and Conditions | Beetleful Porto","description":"Learn about Beetleful's terms and conditions for bookings. Payment is fast, secure, and without additional charges.","robots":{"index":"noindex","follow":"follow"},"og_locale":"en_GB","og_type":"article","og_title":"Termos e Condi\u00e7\u00f5es | Beetleful Porto","og_description":"Conhe\u00e7a os termos e condi\u00e7\u00f5es Beetleful para reservas. O pagamento \u00e9 r\u00e1pido, seguro e sem encargos adicionais.","og_url":"https:\/\/beetleful.com\/en\/terms-and-conditions\/","og_site_name":"Beetleful - Porto Experiences","article_publisher":"https:\/\/www.facebook.com\/beetleful","article_modified_time":"2026-04-01T23:10:28+00:00","og_image":[{"width":1169,"height":912,"url":"https:\/\/beetleful.com\/wp-content\/uploads\/2026\/03\/BEETLEFUL-1.png","type":"image\/png"}],"twitter_card":"summary_large_image","twitter_misc":{"Estimated reading time":"3 minutes"},"schema":{"@context":"https:\/\/schema.org","@graph":[{"@type":"WebPage","@id":"https:\/\/beetleful.com\/termos-e-condicoes\/","url":"https:\/\/beetleful.com\/termos-e-condicoes\/","name":"Terms and Conditions | Beetleful Porto","isPartOf":{"@id":"https:\/\/beetleful.com\/#website"},"primaryImageOfPage":{"@id":"https:\/\/beetleful.com\/termos-e-condicoes\/#primaryimage"},"image":{"@id":"https:\/\/beetleful.com\/termos-e-condicoes\/#primaryimage"},"thumbnailUrl":"https:\/\/beetleful.com\/wp-content\/uploads\/2026\/03\/BEETLEFUL-1.png","datePublished":"2025-08-18T03:44:57+00:00","dateModified":"2026-04-01T23:10:28+00:00","description":"Learn about Beetleful's terms and conditions for bookings. Payment is fast, secure, and without additional charges.","breadcrumb":{"@id":"https:\/\/beetleful.com\/termos-e-condicoes\/#breadcrumb"},"inLanguage":"en-GB","potentialAction":[{"@type":"ReadAction","target":["https:\/\/beetleful.com\/termos-e-condicoes\/"]}]},{"@type":"ImageObject","inLanguage":"en-GB","@id":"https:\/\/beetleful.com\/termos-e-condicoes\/#primaryimage","url":"https:\/\/beetleful.com\/wp-content\/uploads\/2026\/03\/BEETLEFUL-1.png","contentUrl":"https:\/\/beetleful.com\/wp-content\/uploads\/2026\/03\/BEETLEFUL-1.png","width":1169,"height":912},{"@type":"BreadcrumbList","@id":"https:\/\/beetleful.com\/termos-e-condicoes\/#breadcrumb","itemListElement":[{"@type":"ListItem","position":1,"name":"In\u00edcio","item":"https:\/\/beetleful.com\/"},{"@type":"ListItem","position":2,"name":"Termos e condi\u00e7\u00f5es"}]},{"@type":"WebSite","@id":"https:\/\/beetleful.com\/#website","url":"https:\/\/beetleful.com\/","name":"Beetleful.com","description":"VW Classic Cars | Tours | Weddings &amp; more","publisher":{"@id":"https:\/\/beetleful.com\/#organization"},"potentialAction":[{"@type":"SearchAction","target":{"@type":"EntryPoint","urlTemplate":"https:\/\/beetleful.com\/?s={search_term_string}"},"query-input":{"@type":"PropertyValueSpecification","valueRequired":true,"valueName":"search_term_string"}}],"inLanguage":"en-GB"},{"@type":"Organization","@id":"https:\/\/beetleful.com\/#organization","name":"Beetleful","url":"https:\/\/beetleful.com\/","logo":{"@type":"ImageObject","inLanguage":"en-GB","@id":"https:\/\/beetleful.com\/#\/schema\/logo\/image\/","url":"https:\/\/beetleful.com\/wp-content\/uploads\/2025\/08\/logo.png","contentUrl":"https:\/\/beetleful.com\/wp-content\/uploads\/2025\/08\/logo.png","width":1280,"height":1212,"caption":"Beetleful"},"image":{"@id":"https:\/\/beetleful.com\/#\/schema\/logo\/image\/"},"sameAs":["https:\/\/www.facebook.com\/beetleful","https:\/\/www.instagram.com\/beetlefulporto\/","https:\/\/www.tiktok.com\/@beetlefulporto"]}]}},"_links":{"self":[{"href":"https:\/\/beetleful.com\/en\/wp-json\/wp\/v2\/pages\/235","targetHints":{"allow":["GET"]}}],"collection":[{"href":"https:\/\/beetleful.com\/en\/wp-json\/wp\/v2\/pages"}],"about":[{"href":"https:\/\/beetleful.com\/en\/wp-json\/wp\/v2\/types\/page"}],"author":[{"embeddable":true,"href":"https:\/\/beetleful.com\/en\/wp-json\/wp\/v2\/users\/1"}],"replies":[{"embeddable":true,"href":"https:\/\/beetleful.com\/en\/wp-json\/wp\/v2\/comments?post=235"}],"version-history":[{"count":12,"href":"https:\/\/beetleful.com\/en\/wp-json\/wp\/v2\/pages\/235\/revisions"}],"predecessor-version":[{"id":758,"href":"https:\/\/beetleful.com\/en\/wp-json\/wp\/v2\/pages\/235\/revisions\/758"}],"wp:featuredmedia":[{"embeddable":true,"href":"https:\/\/beetleful.com\/en\/wp-json\/wp\/v2\/media\/776"}],"wp:attachment":[{"href":"https:\/\/beetleful.com\/en\/wp-json\/wp\/v2\/media?parent=235"}],"curies":[{"name":"wp","href":"https:\/\/api.w.org\/{rel}","templated":true}]}}