{"id":117,"date":"2025-08-17T10:32:29","date_gmt":"2025-08-17T09:32:29","guid":{"rendered":"https:\/\/beetleful.com\/?page_id=117"},"modified":"2026-03-21T20:59:31","modified_gmt":"2026-03-21T19:59:31","slug":"contactos","status":"publish","type":"page","link":"https:\/\/beetleful.com\/es\/contactos\/","title":{"rendered":"Contactos"},"content":{"rendered":"<div id=\"fws_69dfb38d7d493\"  data-column-margin=\"default\" data-midnight=\"dark\"  class=\"wpb_row vc_row-fluid vc_row  bottom_margin_20px\"  style=\"padding-top: 0px; padding-bottom: 0px; \"><div class=\"row-bg-wrap\" data-bg-animation=\"none\" data-bg-animation-delay=\"\" data-bg-overlay=\"false\"><div class=\"inner-wrap row-bg-layer\" ><div class=\"row-bg viewport-desktop\"  style=\"\"><\/div><\/div><\/div><div class=\"row_col_wrap_12 col span_12 dark left\">\n\t<div  class=\"vc_col-sm-6 wpb_column column_container vc_column_container col has-animation no-extra-padding inherit_tablet inherit_phone\"  data-padding-pos=\"all\" data-has-bg-color=\"false\" data-bg-color=\"\" data-bg-opacity=\"1\" data-animation=\"fade-in-from-bottom\" data-delay=\"1000\" >\n\t\t<div class=\"vc_column-inner\" >\n\t\t\t<div class=\"wpb_wrapper\">\n\t\t\t\t<h1 style=\"font-size: 68px;text-align: left\" class=\"vc_custom_heading vc_do_custom_heading\" >\u00bfEs para hacerlo?<\/h1>\n\t\t\t<\/div> \n\t\t<\/div>\n\t<\/div> \n\n\t<div  class=\"vc_col-sm-6 wpb_column column_container vc_column_container col has-animation no-extra-padding inherit_tablet inherit_phone\"  data-padding-pos=\"all\" data-has-bg-color=\"false\" data-bg-color=\"\" data-bg-opacity=\"1\" data-animation=\"fade-in-from-bottom\" data-delay=\"1000\" >\n\t\t<div class=\"vc_column-inner\" >\n\t\t\t<div class=\"wpb_wrapper\">\n\t\t\t\t<h1 style=\"font-size: 68px;text-align: right\" class=\"vc_custom_heading vc_do_custom_heading\" >Hable con nosotros<\/h1>\n\t\t\t<\/div> \n\t\t<\/div>\n\t<\/div> \n<\/div><\/div>\n\t\t<div id=\"fws_69dfb38d7dbe5\"  data-column-margin=\"default\" data-midnight=\"light\"  class=\"wpb_row vc_row-fluid vc_row full-width-content vc_row-o-equal-height vc_row-flex  reverse_columns_column_tablet reverse_columns_column_phone\"  style=\"padding-top: 0px; padding-bottom: 0px; \"><div class=\"row-bg-wrap\" data-bg-animation=\"none\" data-bg-animation-delay=\"\" data-bg-overlay=\"false\"><div class=\"inner-wrap row-bg-layer\" ><div class=\"row-bg viewport-desktop using-bg-color\"  style=\"background-color: #141414; \"><\/div><\/div><\/div><div class=\"row_col_wrap_12 col span_12 light left\">\n\t<div style=\"\" class=\"vc_col-sm-6 wpb_column column_container vc_column_container col has-animation padding-8-percent inherit_tablet inherit_phone\" data-using-bg=\"true\" data-padding-pos=\"all\" data-has-bg-color=\"true\" data-bg-color=\"#333333\" data-bg-opacity=\"0.9\" data-animation=\"grow-in\" data-delay=\"200\" >\n\t\t<div class=\"vc_column-inner\" ><div class=\"column-image-bg-wrap column-bg-layer viewport-desktop\" data-bg-pos=\"center center\" data-bg-animation=\"none\" data-bg-overlay=\"false\"><div class=\"inner-wrap\"><div class=\"column-image-bg\" style=\" background-image: url('https:\/\/beetleful.com\/wp-content\/uploads\/2025\/08\/Imagem-WhatsApp-2025-06-25-as-21.26.08_03c776db-gigapixel.webp'); \"><\/div><\/div><\/div><div class=\"column-bg-overlay-wrap column-bg-layer\" data-bg-animation=\"none\"><div class=\"column-bg-overlay\" style=\"opacity: 0.9; background-color: #333333;\"><\/div><\/div>\n\t\t\t<div class=\"wpb_wrapper\">\n\t\t\t\t\n<div class=\"wpb_text_column wpb_content_element\" >\n\t<div class=\"wpb_wrapper\">\n\t\t<div class='fluentform ff-default fluentform_wrapper_3 ffs_default_wrap'><form data-form_id=\"3\" id=\"fluentform_3\" class=\"frm-fluent-form fluent_form_3 ff-el-form-top ff_form_instance_3_1 ff-form-loading ffs_default\" data-form_instance=\"ff_form_instance_3_1\" method=\"POST\" action=\"\" ><fieldset  style=\"border: none!important;margin: 0!important;padding: 0!important;background-color: transparent!important;box-shadow: none!important;outline: none!important; min-inline-size: 100%;\">\n                    <legend class=\"ff_screen_reader_title\" style=\"display: block; margin: 0!important;padding: 0!important;height: 0!important;text-indent: -999999px;width: 0!important;overflow:hidden;\">Formulario de contacto<\/legend>        <div\n                style=\"display: none!important; position: absolute!important; transform: translateX(1000%)!important;\"\n                class=\"ff-el-group ff-hpsf-container\"\n        >\n            <div class=\"ff-el-input--label asterisk-right\">\n                <label for=\"ff_3_item_sf\" aria-label=\"P\u00f3ngase en contacto con\">\n                    P\u00f3ngase en contacto con                <\/label>\n            <\/div>\n            <div class=\"ff-el-input--content\">\n                <input type=\"text\"\n                       name=\"item_3__fluent_sf\"\n                       class=\"ff-el-form-control\"\n                       id=\"ff_3_item_sf\"\n                \/>\n            <\/div>\n        <\/div>\n                <input type=\"hidden\" id=\"__fluent_protection_token_3\" class=\"fluent-form-token-field\" name=\"__fluent_protection_token_3\">\n        <input type='hidden' name='__fluent_form_embded_post_id' value='117' \/><input type=\"hidden\" id=\"_fluentform_3_fluentformnonce\" name=\"_fluentform_3_fluentformnonce\" value=\"9eeac3350f\" \/><input type=\"hidden\" name=\"_wp_http_referer\" value=\"\/es\/wp-json\/wp\/v2\/pages\/117\" \/><input type=\"hidden\" name=\"Language\" value=\"https:\/\/beetleful.com\" data-name=\"Language\" ><div data-name=\"ff_cn_id_1\"  class='ff-t-container ff-column-container ff_columns_total_2'><div class='ff-t-cell ff-t-column-1' style='flex-basis: 50%;'><div data-type=\"name-element\" data-name=\"names\" class=\"ff-field_container ff-name-field-wrapper\" ><div class='ff-t-container'><div class='ff-t-cell'><div class='ff-el-group'><div class=\"ff-el-input--label ff-el-is-required asterisk-right\"><label for='ff_3_names_first_name_' >Nombre<\/label><\/div><div class='ff-el-input--content'><input type=\"text\" name=\"names[first_name]\" id=\"ff_3_names_first_name_\" class=\"ff-el-form-control\" placeholder=\"Introduzca su nombre\" aria-invalid=\"false\" aria-required=\"true\"><\/div><\/div><\/div><\/div><\/div><\/div><div class='ff-t-cell ff-t-column-2' style='flex-basis: 50%;'><div class='ff-el-group'><div class=\"ff-el-input--label ff-el-is-required asterisk-right\"><label for='ff_3_email' aria-label=\"Correo electr\u00f3nico\">Correo electr\u00f3nico<\/label><\/div><div class='ff-el-input--content'><input type=\"email\" name=\"email\" id=\"ff_3_email\" class=\"ff-el-form-control\" placeholder=\"Introduzca su direcci\u00f3n de correo electr\u00f3nico\" data-name=\"email\"  aria-invalid=\"false\" aria-required=\"true\"><\/div><\/div><\/div><\/div><div data-name=\"ff_cn_id_2\"  class='ff-t-container ff-column-container ff_columns_total_2'><div class='ff-t-cell ff-t-column-1' style='flex-basis: 50%;'><div class='ff-el-group'><div class=\"ff-el-input--label asterisk-right\"><label for='ff_3_phone' aria-label=\"N\u00famero de tel\u00e9fono m\u00f3vil\">N\u00famero de tel\u00e9fono m\u00f3vil<\/label><\/div><div class='ff-el-input--content'><input name=\"phone\" class=\"ff-el-form-control ff-el-phone\" type=\"tel\" placeholder=\"Introduzca su n\u00famero de tel\u00e9fono\" data-name=\"phone\" id=\"ff_3_phone\" inputmode=\"tel\"  aria-invalid='false' aria-required=\"false\"><\/div><\/div><\/div><div class='ff-t-cell ff-t-column-2' style='flex-basis: 50%;'><div class='ff-el-group'><div class=\"ff-el-input--label asterisk-right\"><label for='ff_3_input_text' aria-label=\"Asunto\">Asunto<\/label><\/div><div class='ff-el-input--content'><input type=\"text\" name=\"input_text\" class=\"ff-el-form-control\" placeholder=\"Qu\u00e9 tema necesita aclaraci\u00f3n\" data-name=\"input_text\" id=\"ff_3_input_text\"  aria-invalid=\"false\" aria-required=\"false\"><\/div><\/div><\/div><\/div><div class='ff-el-group'><div class=\"ff-el-input--label ff-el-is-required asterisk-right\"><label for='ff_3_message' aria-label=\"\u00bfC\u00f3mo podemos ayudarle?\">\u00bfC\u00f3mo podemos ayudarle?<\/label><\/div><div class='ff-el-input--content'><textarea aria-invalid=\"false\" aria-required=\"true\" name=\"message\" id=\"ff_3_message\" class=\"ff-el-form-control\" placeholder=\"Describa brevemente por qu\u00e9 se pone en contacto con nosotros.\" rows=\"4\" cols=\"2\" data-name=\"message\" ><\/textarea><\/div><\/div><div class='ff-el-group    ff-el-input--content'><div class='ff-el-form-check ff-el-tc'><label aria-label='T\u00e9rminos y condiciones: He le\u00eddo y acepto los T\u00e9rminos y condiciones y la Pol\u00edtica de privacidad. Contiene 2 enlaces. Utilice la pesta\u00f1a de navegaci\u00f3n para buscar.' class='ff-el-form-check-label ff_tc_label' for=\"terms-n-condition_00d13ca3f44e95377e6b7f4d06d97370\"><span class='ff_tc_checkbox'><input type=\"checkbox\" name=\"terms-n-condition\" class=\"ff-el-form-check-input\" data-name=\"terms-n-condition\" id=\"terms-n-condition_00d13ca3f44e95377e6b7f4d06d97370\"  value='on' aria-invalid='false' aria-required=\"true\"><\/span> <div class='ff_t_c'><p>He le\u00eddo y estoy de acuerdo con <a href=\"\/es\/condiciones-generales\/\" target=\"_blank\" rel=\"noopener\">Condiciones generales<\/a> y <a href=\"\/es\/politica-de-privacidad\/\" target=\"_blank\" rel=\"noopener\">Pol\u00edtica de privacidad.<\/a><\/p><\/div><\/label><\/div><\/div><div class='ff-el-group ff-text-left ff_submit_btn_wrapper'><button type=\"submit\" class=\"ff-btn ff-btn-submit ff-btn-md ff_btn_style wpf_has_custom_css\" >Enviar<\/button><\/div><\/fieldset><input type=\"hidden\" name=\"trp-form-language\" value=\"es\"\/><\/form><div id='fluentform_3_errors' class='ff-errors-in-stack ff_form_instance_3_1 ff-form-loading_errors ff_form_instance_3_1_errors'><\/div><\/div>            <script type=\"text\/javascript\">\n                window.fluent_form_ff_form_instance_3_1 = {\"id\":\"3\",\"settings\":{\"layout\":{\"labelPlacement\":\"top\",\"helpMessagePlacement\":\"with_label\",\"errorMessagePlacement\":\"inline\",\"cssClassName\":\"\",\"asteriskPlacement\":\"asterisk-right\"},\"restrictions\":{\"denyEmptySubmission\":{\"enabled\":false}}},\"form_instance\":\"ff_form_instance_3_1\",\"form_id_selector\":\"fluentform_3\",\"rules\":{\"names[first_name]\":{\"required\":{\"value\":true,\"message\":\"Campo obrigat\\u00f3rio\",\"global\":false,\"global_message\":\"Campo obrigat\\u00f3rio\"}},\"names[middle_name]\":{\"required\":{\"value\":false,\"message\":\"This field is required\",\"global\":false,\"global_message\":\"Campo obrigat\\u00f3rio\"}},\"names[last_name]\":{\"required\":{\"value\":false,\"message\":\"This field is required\",\"global\":false,\"global_message\":\"Campo obrigat\\u00f3rio\"}},\"email\":{\"required\":{\"value\":true,\"message\":\"Campo obrigat\\u00f3rio\",\"global\":false,\"global_message\":\"Campo obrigat\\u00f3rio\"},\"email\":{\"value\":true,\"message\":\"This field must contain a valid email\",\"global\":false,\"global_message\":\"Introduza o email v\\u00e1lido\"}},\"phone\":{\"required\":{\"value\":false,\"global\":true,\"message\":\"Campo obrigat\\u00f3rio\",\"global_message\":\"Campo obrigat\\u00f3rio\"},\"valid_phone_number\":{\"value\":false,\"global\":true,\"message\":\"N\\u00famero de telefone inv\\u00e1lido\",\"global_message\":\"N\\u00famero de telefone inv\\u00e1lido\"}},\"input_text\":{\"required\":{\"value\":false,\"message\":\"Campo obrigat\\u00f3rio\",\"global_message\":\"Campo obrigat\\u00f3rio\",\"global\":true}},\"message\":{\"required\":{\"value\":true,\"message\":\"Campo obrigat\\u00f3rio\",\"global\":false,\"global_message\":\"Campo obrigat\\u00f3rio\"}},\"terms-n-condition\":{\"required\":{\"value\":true,\"message\":\"Campo obrigat\\u00f3rio\",\"global_message\":\"Campo obrigat\\u00f3rio\",\"global\":true}}},\"debounce_time\":300};\n                            <\/script>\n            \n\t<\/div>\n<\/div>\n\n\n\n\n\t\t\t<\/div> \n\t\t<\/div>\n\t<\/div> \n\n\t<div style=\"\" class=\"vc_col-sm-6 sombras wpb_column column_container vc_column_container col has-animation padding-7-percent inherit_tablet inherit_phone\" data-using-bg=\"true\" data-bg-cover=\"true\" data-padding-pos=\"all\" data-has-bg-color=\"true\" data-bg-color=\"#D49C2E\" data-bg-opacity=\"0.9\" data-animation=\"grow-in\" data-delay=\"300\" >\n\t\t<div class=\"vc_column-inner\" ><div class=\"column-image-bg-wrap column-bg-layer viewport-desktop\" data-bg-pos=\"center center\" data-bg-animation=\"none\" data-bg-overlay=\"false\"><div class=\"inner-wrap\"><div class=\"column-image-bg\" style=\" background-image: url('https:\/\/beetleful.com\/wp-content\/uploads\/revslider\/BYT-TourOperator\/IMG_6992.webp'); \"><\/div><\/div><\/div><div class=\"column-bg-overlay-wrap column-bg-layer\" data-bg-animation=\"none\"><div class=\"column-bg-overlay\" style=\"opacity: 0.9; background-color: #D49C2E;\"><\/div><\/div>\n\t\t\t<div class=\"wpb_wrapper\">\n\t\t\t\t\n<div class=\"wpb_text_column wpb_content_element  sombras-texto\" >\n\t<div class=\"wpb_wrapper\">\n\t\t<h4>En Beetleful, todo empez\u00f3 con una pasi\u00f3n: la ciudad de Porto, las carreteras antiguas y los cl\u00e1sicos que han resistido el paso del tiempo.<\/h4>\n<p class=\"\" data-start=\"165\" data-end=\"425\">Ofrecemos recorridos hechos con alma: de los monumentos a la gastronom\u00eda, de los miradores a las fincas del Duero. Tanto si viene por un d\u00eda, por un evento o simplemente por una buena foto, con nosotros se llevar\u00e1 algo m\u00e1s que un paseo. \u00a1Se llevar\u00e1 recuerdos!<\/p>\n<h5 data-start=\"165\" data-end=\"425\">Si va a ser... \u00a1que sea Beetleful!<\/h5>\n\t<\/div>\n<\/div>\n\n\n\n\n<div class=\"wpb_text_column wpb_content_element  vc_custom_1755650355770 sombras-texto\" >\n\t<div class=\"wpb_wrapper\">\n\t\t<h5>CONTACTO<\/h5>\n\t<\/div>\n<\/div>\n\n\n\n<div class=\"iwithtext\"><div class=\"iwt-icon\"> <i class=\"icon-default-style linecon-icon-location extra-color-3\"><\/i> <\/div><div class=\"iwt-text\"> Porto, Portugal <\/div><div class=\"clear\"><\/div><\/div><div class=\"iwithtext\"><div class=\"iwt-icon\"> <i class=\"icon-default-style linecon-icon-phone extra-color-3\"><\/i> <\/div><div class=\"iwt-text\"> <span style=\"color: #ffffff;\"><a style=\"color: #ffffff;\" href=\"tel:00351910862669\"> +351 910 862 669<\/a><\/span> <\/div><div class=\"clear\"><\/div><\/div><div class=\"iwithtext\"><div class=\"iwt-icon\"> <i class=\"icon-default-style linecon-icon-bubble extra-color-3\"><\/i> <\/div><div class=\"iwt-text\"> <span style=\"color: #ffffff;\"><a style=\"color: #ffffff;\" title=\"info@beetleful.com\" href=\"mailto:info@beetleful.com\">info@beetleful.com<\/a><\/span> <\/div><div class=\"clear\"><\/div><\/div><div class=\"divider-wrap height_tablet_7px height_phone_7px\" data-alignment=\"default\"><div  class=\"divider\"><\/div><\/div>\n\t\t\t<\/div> \n\t\t<\/div>\n\t<\/div> \n<\/div><\/div>","protected":false},"excerpt":{"rendered":"\u00c9 para ser? Fale connosco! Form contacto Contact NomeEmailN\u00ba Telem\u00f3velAssuntoComo podemos ajudar? Li e concordo com os Termos e Condi\u00e7\u00f5es e a Pol\u00edtica de Privacidade.Submeter Na Beetleful, tudo come\u00e7ou com...","protected":false},"author":1,"featured_media":776,"parent":0,"menu_order":0,"comment_status":"closed","ping_status":"closed","template":"","meta":{"_acf_changed":false,"_joinchat":[],"footnotes":""},"class_list":["post-117","page","type-page","status-publish","has-post-thumbnail"],"acf":[],"yoast_head":"<!-- This site is optimized with the Yoast SEO plugin v26.3 - https:\/\/yoast.com\/wordpress\/plugins\/seo\/ -->\n<title>Contactos | Fala connosco | Beetleful Porto<\/title>\n<meta name=\"description\" content=\"Precisa de mais informa\u00e7\u00f5es sobre as experi\u00eancias a bordo dos nossos ve\u00edculos cl\u00e1ssicos no Porto? N\u00e3o hesite, contacte-nos!\" \/>\n<meta name=\"robots\" content=\"index, follow, max-snippet:-1, max-image-preview:large, max-video-preview:-1\" \/>\n<link rel=\"canonical\" href=\"https:\/\/beetleful.com\/es\/contactos\/\" \/>\n<meta property=\"og:locale\" content=\"es_ES\" \/>\n<meta property=\"og:type\" content=\"article\" \/>\n<meta property=\"og:title\" content=\"Contactos | Fala connosco | Beetleful Porto\" \/>\n<meta property=\"og:description\" content=\"Precisa de mais informa\u00e7\u00f5es sobre as experi\u00eancias a bordo dos nossos ve\u00edculos cl\u00e1ssicos no Porto? N\u00e3o hesite, contacte-nos!\" \/>\n<meta property=\"og:url\" content=\"https:\/\/beetleful.com\/es\/contactos\/\" \/>\n<meta property=\"og:site_name\" content=\"Beetleful - Porto Experiences\" \/>\n<meta property=\"article:publisher\" content=\"https:\/\/www.facebook.com\/beetleful\" \/>\n<meta property=\"article:modified_time\" content=\"2026-03-21T19:59:31+00:00\" \/>\n<meta property=\"og:image\" content=\"https:\/\/beetleful.com\/wp-content\/uploads\/2026\/03\/BEETLEFUL-1.png\" \/>\n\t<meta property=\"og:image:width\" content=\"1169\" \/>\n\t<meta property=\"og:image:height\" content=\"912\" \/>\n\t<meta property=\"og:image:type\" content=\"image\/png\" \/>\n<meta name=\"twitter:card\" content=\"summary_large_image\" \/>\n<meta name=\"twitter:label1\" content=\"Tiempo de lectura\" \/>\n\t<meta name=\"twitter:data1\" content=\"2 minutos\" \/>\n<script type=\"application\/ld+json\" class=\"yoast-schema-graph\">{\"@context\":\"https:\/\/schema.org\",\"@graph\":[{\"@type\":\"WebPage\",\"@id\":\"https:\/\/beetleful.com\/contactos\/\",\"url\":\"https:\/\/beetleful.com\/contactos\/\",\"name\":\"Contactos | Fala connosco | Beetleful Porto\",\"isPartOf\":{\"@id\":\"https:\/\/beetleful.com\/#website\"},\"primaryImageOfPage\":{\"@id\":\"https:\/\/beetleful.com\/contactos\/#primaryimage\"},\"image\":{\"@id\":\"https:\/\/beetleful.com\/contactos\/#primaryimage\"},\"thumbnailUrl\":\"https:\/\/beetleful.com\/wp-content\/uploads\/2026\/03\/BEETLEFUL-1.png\",\"datePublished\":\"2025-08-17T09:32:29+00:00\",\"dateModified\":\"2026-03-21T19:59:31+00:00\",\"description\":\"Precisa de mais informa\u00e7\u00f5es sobre as experi\u00eancias a bordo dos nossos ve\u00edculos cl\u00e1ssicos no Porto? N\u00e3o hesite, contacte-nos!\",\"breadcrumb\":{\"@id\":\"https:\/\/beetleful.com\/contactos\/#breadcrumb\"},\"inLanguage\":\"es\",\"potentialAction\":[{\"@type\":\"ReadAction\",\"target\":[\"https:\/\/beetleful.com\/contactos\/\"]}]},{\"@type\":\"ImageObject\",\"inLanguage\":\"es\",\"@id\":\"https:\/\/beetleful.com\/contactos\/#primaryimage\",\"url\":\"https:\/\/beetleful.com\/wp-content\/uploads\/2026\/03\/BEETLEFUL-1.png\",\"contentUrl\":\"https:\/\/beetleful.com\/wp-content\/uploads\/2026\/03\/BEETLEFUL-1.png\",\"width\":1169,\"height\":912},{\"@type\":\"BreadcrumbList\",\"@id\":\"https:\/\/beetleful.com\/contactos\/#breadcrumb\",\"itemListElement\":[{\"@type\":\"ListItem\",\"position\":1,\"name\":\"In\u00edcio\",\"item\":\"https:\/\/beetleful.com\/\"},{\"@type\":\"ListItem\",\"position\":2,\"name\":\"Contactos\"}]},{\"@type\":\"WebSite\",\"@id\":\"https:\/\/beetleful.com\/#website\",\"url\":\"https:\/\/beetleful.com\/\",\"name\":\"Beetleful.com\",\"description\":\"VW Classic Cars | Tours | Weddings &amp; more\",\"publisher\":{\"@id\":\"https:\/\/beetleful.com\/#organization\"},\"potentialAction\":[{\"@type\":\"SearchAction\",\"target\":{\"@type\":\"EntryPoint\",\"urlTemplate\":\"https:\/\/beetleful.com\/?s={search_term_string}\"},\"query-input\":{\"@type\":\"PropertyValueSpecification\",\"valueRequired\":true,\"valueName\":\"search_term_string\"}}],\"inLanguage\":\"es\"},{\"@type\":\"Organization\",\"@id\":\"https:\/\/beetleful.com\/#organization\",\"name\":\"Beetleful\",\"url\":\"https:\/\/beetleful.com\/\",\"logo\":{\"@type\":\"ImageObject\",\"inLanguage\":\"es\",\"@id\":\"https:\/\/beetleful.com\/#\/schema\/logo\/image\/\",\"url\":\"https:\/\/beetleful.com\/wp-content\/uploads\/2025\/08\/logo.png\",\"contentUrl\":\"https:\/\/beetleful.com\/wp-content\/uploads\/2025\/08\/logo.png\",\"width\":1280,\"height\":1212,\"caption\":\"Beetleful\"},\"image\":{\"@id\":\"https:\/\/beetleful.com\/#\/schema\/logo\/image\/\"},\"sameAs\":[\"https:\/\/www.facebook.com\/beetleful\",\"https:\/\/www.instagram.com\/beetlefulporto\/\",\"https:\/\/www.tiktok.com\/@beetlefulporto\"]}]}<\/script>\n<!-- \/ Yoast SEO plugin. -->","yoast_head_json":{"title":"Cont\u00e1ctanos | Hable con nosotros | Beetleful Porto","description":"Ponte en contacto y vive tu experiencia en un coche cl\u00e1sico en Oporto.","robots":{"index":"index","follow":"follow","max-snippet":"max-snippet:-1","max-image-preview":"max-image-preview:large","max-video-preview":"max-video-preview:-1"},"canonical":"https:\/\/beetleful.com\/es\/contactos\/","og_locale":"es_ES","og_type":"article","og_title":"Contactos | Fala connosco | Beetleful Porto","og_description":"Precisa de mais informa\u00e7\u00f5es sobre as experi\u00eancias a bordo dos nossos ve\u00edculos cl\u00e1ssicos no Porto? N\u00e3o hesite, contacte-nos!","og_url":"https:\/\/beetleful.com\/es\/contactos\/","og_site_name":"Beetleful - Porto Experiences","article_publisher":"https:\/\/www.facebook.com\/beetleful","article_modified_time":"2026-03-21T19:59:31+00:00","og_image":[{"width":1169,"height":912,"url":"https:\/\/beetleful.com\/wp-content\/uploads\/2026\/03\/BEETLEFUL-1.png","type":"image\/png"}],"twitter_card":"summary_large_image","twitter_misc":{"Tiempo de lectura":"2 minutos"},"schema":{"@context":"https:\/\/schema.org","@graph":[{"@type":"WebPage","@id":"https:\/\/beetleful.com\/contactos\/","url":"https:\/\/beetleful.com\/contactos\/","name":"Cont\u00e1ctanos | Hable con nosotros | Beetleful Porto","isPartOf":{"@id":"https:\/\/beetleful.com\/#website"},"primaryImageOfPage":{"@id":"https:\/\/beetleful.com\/contactos\/#primaryimage"},"image":{"@id":"https:\/\/beetleful.com\/contactos\/#primaryimage"},"thumbnailUrl":"https:\/\/beetleful.com\/wp-content\/uploads\/2026\/03\/BEETLEFUL-1.png","datePublished":"2025-08-17T09:32:29+00:00","dateModified":"2026-03-21T19:59:31+00:00","description":"Ponte en contacto y vive tu experiencia en un coche cl\u00e1sico en Oporto.","breadcrumb":{"@id":"https:\/\/beetleful.com\/contactos\/#breadcrumb"},"inLanguage":"es","potentialAction":[{"@type":"ReadAction","target":["https:\/\/beetleful.com\/contactos\/"]}]},{"@type":"ImageObject","inLanguage":"es","@id":"https:\/\/beetleful.com\/contactos\/#primaryimage","url":"https:\/\/beetleful.com\/wp-content\/uploads\/2026\/03\/BEETLEFUL-1.png","contentUrl":"https:\/\/beetleful.com\/wp-content\/uploads\/2026\/03\/BEETLEFUL-1.png","width":1169,"height":912},{"@type":"BreadcrumbList","@id":"https:\/\/beetleful.com\/contactos\/#breadcrumb","itemListElement":[{"@type":"ListItem","position":1,"name":"In\u00edcio","item":"https:\/\/beetleful.com\/"},{"@type":"ListItem","position":2,"name":"Contactos"}]},{"@type":"WebSite","@id":"https:\/\/beetleful.com\/#website","url":"https:\/\/beetleful.com\/","name":"Beetleful.com","description":"VW Classic Cars | Tours | Weddings &amp; more","publisher":{"@id":"https:\/\/beetleful.com\/#organization"},"potentialAction":[{"@type":"SearchAction","target":{"@type":"EntryPoint","urlTemplate":"https:\/\/beetleful.com\/?s={search_term_string}"},"query-input":{"@type":"PropertyValueSpecification","valueRequired":true,"valueName":"search_term_string"}}],"inLanguage":"es"},{"@type":"Organization","@id":"https:\/\/beetleful.com\/#organization","name":"Beetleful","url":"https:\/\/beetleful.com\/","logo":{"@type":"ImageObject","inLanguage":"es","@id":"https:\/\/beetleful.com\/#\/schema\/logo\/image\/","url":"https:\/\/beetleful.com\/wp-content\/uploads\/2025\/08\/logo.png","contentUrl":"https:\/\/beetleful.com\/wp-content\/uploads\/2025\/08\/logo.png","width":1280,"height":1212,"caption":"Beetleful"},"image":{"@id":"https:\/\/beetleful.com\/#\/schema\/logo\/image\/"},"sameAs":["https:\/\/www.facebook.com\/beetleful","https:\/\/www.instagram.com\/beetlefulporto\/","https:\/\/www.tiktok.com\/@beetlefulporto"]}]}},"_links":{"self":[{"href":"https:\/\/beetleful.com\/es\/wp-json\/wp\/v2\/pages\/117","targetHints":{"allow":["GET"]}}],"collection":[{"href":"https:\/\/beetleful.com\/es\/wp-json\/wp\/v2\/pages"}],"about":[{"href":"https:\/\/beetleful.com\/es\/wp-json\/wp\/v2\/types\/page"}],"author":[{"embeddable":true,"href":"https:\/\/beetleful.com\/es\/wp-json\/wp\/v2\/users\/1"}],"replies":[{"embeddable":true,"href":"https:\/\/beetleful.com\/es\/wp-json\/wp\/v2\/comments?post=117"}],"version-history":[{"count":24,"href":"https:\/\/beetleful.com\/es\/wp-json\/wp\/v2\/pages\/117\/revisions"}],"predecessor-version":[{"id":716,"href":"https:\/\/beetleful.com\/es\/wp-json\/wp\/v2\/pages\/117\/revisions\/716"}],"wp:featuredmedia":[{"embeddable":true,"href":"https:\/\/beetleful.com\/es\/wp-json\/wp\/v2\/media\/776"}],"wp:attachment":[{"href":"https:\/\/beetleful.com\/es\/wp-json\/wp\/v2\/media?parent=117"}],"curies":[{"name":"wp","href":"https:\/\/api.w.org\/{rel}","templated":true}]}}